{"id":22,"date":"2026-04-29T02:01:46","date_gmt":"2026-04-29T02:01:46","guid":{"rendered":"https:\/\/fotoenopapel.com.br\/carrinho\/"},"modified":"2026-04-29T14:12:54","modified_gmt":"2026-04-29T14:12:54","slug":"carrinho","status":"publish","type":"page","link":"https:\/\/fotoenopapel.com.br\/?page_id=22","title":{"rendered":"Carrinho"},"content":{"rendered":"\n<div data-block-name=\"woocommerce\/cart\" class=\"wp-block-woocommerce-cart alignwide is-loading\">\n<div data-block-name=\"woocommerce\/filled-cart-block\" class=\"wp-block-woocommerce-filled-cart-block\">\n<div data-block-name=\"woocommerce\/cart-items-block\" class=\"wp-block-woocommerce-cart-items-block\">\n<div data-block-name=\"woocommerce\/cart-line-items-block\" class=\"wp-block-woocommerce-cart-line-items-block\"><\/div>\n\n\n<\/div>\n\n\n\n\n<div data-block-name=\"woocommerce\/cart-totals-block\" class=\"wp-block-woocommerce-cart-totals-block\">\n<div data-block-name=\"woocommerce\/cart-order-summary-block\" class=\"wp-block-woocommerce-cart-order-summary-block\">\n<div data-block-name=\"woocommerce\/cart-order-summary-heading-block\" class=\"wp-block-woocommerce-cart-order-summary-heading-block\"><\/div><div data-block-name=\"woocommerce\/cart-order-summary-coupon-form-block\" class=\"wp-block-woocommerce-cart-order-summary-coupon-form-block\"><\/div><div data-block-name=\"woocommerce\/cart-order-summary-totals-block\" class=\"wp-block-woocommerce-cart-order-summary-totals-block\">\n<div data-block-name=\"woocommerce\/cart-order-summary-subtotal-block\" class=\"wp-block-woocommerce-cart-order-summary-subtotal-block\"><\/div>\n<div data-block-name=\"woocommerce\/cart-order-summary-discount-block\" class=\"wp-block-woocommerce-cart-order-summary-discount-block\"><\/div>\n<div data-block-name=\"woocommerce\/cart-order-summary-fee-block\" class=\"wp-block-woocommerce-cart-order-summary-fee-block\"><\/div>\n<div data-block-name=\"woocommerce\/cart-order-summary-shipping-block\" class=\"wp-block-woocommerce-cart-order-summary-shipping-block\"><\/div>\n<div data-block-name=\"woocommerce\/cart-order-summary-taxes-block\" class=\"wp-block-woocommerce-cart-order-summary-taxes-block\"><\/div><\/div>\n<\/div>\n\n\n\n<div data-block-name=\"woocommerce\/cart-express-payment-block\" class=\"wp-block-woocommerce-cart-express-payment-block\"><\/div>\n\n\n\n<div data-block-name=\"woocommerce\/proceed-to-checkout-block\" class=\"wp-block-woocommerce-proceed-to-checkout-block\"><\/div>\n\n\n\n<div data-block-name=\"woocommerce\/cart-accepted-payment-methods-block\" class=\"wp-block-woocommerce-cart-accepted-payment-methods-block\"><\/div>\n<\/div>\n<\/div>\n\n\n\n<div data-block-name=\"woocommerce\/empty-cart-block\" class=\"wp-block-woocommerce-empty-cart-block\">\n<h2 class=\"wp-block-heading has-text-align-center with-empty-cart-icon wc-block-cart__empty-cart__title\">Seu carrinho est\u00e1 vazio no momento!<\/h2>\n\n\n\n<hr class=\"wp-block-separator has-alpha-channel-opacity is-style-dots\"\/>\n\n\n\n<h2 class=\"wp-block-heading has-text-align-center\">Novo na loja<\/h2>\n\n\n<div data-block-name=\"woocommerce\/product-new\" data-columns=\"4\" data-rows=\"1\" class=\"wc-block-grid wp-block-product-new wp-block-woocommerce-product-new wc-block-product-new has-4-columns\"><ul class=\"wc-block-grid__products\"><li class=\"wc-block-grid__product\">\n\t\t\t\t<a href=\"https:\/\/fotoenopapel.com.br\/?product=mousepad\" class=\"wc-block-grid__product-link\">\n\t\t\t\t\t<div class=\"wc-block-grid__product-onsale\">\n\t\t\t<span aria-hidden=\"true\">Oferta<\/span>\n\t\t\t<span class=\"screen-reader-text\">Produto em promo\u00e7\u00e3o<\/span>\n\t\t<\/div>\n\t\t\t\t\t<div class=\"wc-block-grid__product-image\"><img fetchpriority=\"high\" decoding=\"async\" width=\"300\" height=\"300\" src=\"https:\/\/fotoenopapel.com.br\/wp-content\/uploads\/2026\/04\/mousepad-300x300.png\" class=\"attachment-woocommerce_thumbnail size-woocommerce_thumbnail\" alt=\"Mousepad\" srcset=\"https:\/\/fotoenopapel.com.br\/wp-content\/uploads\/2026\/04\/mousepad-300x300.png 300w, https:\/\/fotoenopapel.com.br\/wp-content\/uploads\/2026\/04\/mousepad-1024x1024.png 1024w, https:\/\/fotoenopapel.com.br\/wp-content\/uploads\/2026\/04\/mousepad-150x150.png 150w, https:\/\/fotoenopapel.com.br\/wp-content\/uploads\/2026\/04\/mousepad-768x768.png 768w, https:\/\/fotoenopapel.com.br\/wp-content\/uploads\/2026\/04\/mousepad-600x600.png 600w, https:\/\/fotoenopapel.com.br\/wp-content\/uploads\/2026\/04\/mousepad-100x100.png 100w, https:\/\/fotoenopapel.com.br\/wp-content\/uploads\/2026\/04\/mousepad.png 1080w\" sizes=\"(max-width: 300px) 100vw, 300px\" \/><\/div>\n\t\t\t\t\t<div class=\"wc-block-grid__product-title\">Mousepad<\/div>\n\t\t\t\t<\/a>\n\t\t\t\t<div class=\"wc-block-grid__product-price price\"><del aria-hidden=\"true\"><span class=\"woocommerce-Price-amount amount\"><span class=\"woocommerce-Price-currencySymbol\">&#082;&#036;<\/span>&nbsp;35,00<\/span><\/del> <span class=\"screen-reader-text\">O pre\u00e7o original era: &#082;&#036;&nbsp;35,00.<\/span><ins aria-hidden=\"true\"><span class=\"woocommerce-Price-amount amount\"><span class=\"woocommerce-Price-currencySymbol\">&#082;&#036;<\/span>&nbsp;32,90<\/span><\/ins><span class=\"screen-reader-text\">O pre\u00e7o atual \u00e9: &#082;&#036;&nbsp;32,90.<\/span><\/div>\n\t\t\t\t\n\t\t\t\t<div class=\"wp-block-button wc-block-grid__product-add-to-cart\"><a href=\"\/index.php?rest_route=%2Fwp%2Fv2%2Fpages%2F22&#038;add-to-cart=127\" aria-label=\"Adicione ao carrinho: &ldquo;Mousepad&rdquo;\" data-quantity=\"1\" data-product_id=\"127\" data-product_sku=\"106\" data-price=\"32.9\" rel=\"nofollow\" class=\"wp-block-button__link  add_to_cart_button ajax_add_to_cart\">Adicionar ao carrinho<\/a><\/div>\n\t\t\t<\/li><li class=\"wc-block-grid__product\">\n\t\t\t\t<a href=\"https:\/\/fotoenopapel.com.br\/?product=spotify\" class=\"wc-block-grid__product-link\">\n\t\t\t\t\t\n\t\t\t\t\t<div class=\"wc-block-grid__product-image\"><img decoding=\"async\" width=\"300\" height=\"300\" src=\"https:\/\/fotoenopapel.com.br\/wp-content\/uploads\/2026\/04\/Porta-retrtao-Spotidy-300x300.jpg\" class=\"attachment-woocommerce_thumbnail size-woocommerce_thumbnail\" alt=\"Spotify\" srcset=\"https:\/\/fotoenopapel.com.br\/wp-content\/uploads\/2026\/04\/Porta-retrtao-Spotidy-300x300.jpg 300w, https:\/\/fotoenopapel.com.br\/wp-content\/uploads\/2026\/04\/Porta-retrtao-Spotidy-150x150.jpg 150w, https:\/\/fotoenopapel.com.br\/wp-content\/uploads\/2026\/04\/Porta-retrtao-Spotidy-100x100.jpg 100w\" sizes=\"(max-width: 300px) 100vw, 300px\" \/><\/div>\n\t\t\t\t\t<div class=\"wc-block-grid__product-title\">Spotify<\/div>\n\t\t\t\t<\/a>\n\t\t\t\t<div class=\"wc-block-grid__product-price price\"><span class=\"woocommerce-Price-amount amount\"><span class=\"woocommerce-Price-currencySymbol\">&#082;&#036;<\/span>&nbsp;60,00<\/span><\/div>\n\t\t\t\t\n\t\t\t\t<div class=\"wp-block-button wc-block-grid__product-add-to-cart\"><a href=\"\/index.php?rest_route=%2Fwp%2Fv2%2Fpages%2F22&#038;add-to-cart=123\" aria-label=\"Adicione ao carrinho: &ldquo;Spotify&rdquo;\" data-quantity=\"1\" data-product_id=\"123\" data-product_sku=\"105\" data-price=\"60\" rel=\"nofollow\" class=\"wp-block-button__link  add_to_cart_button ajax_add_to_cart\">Adicionar ao carrinho<\/a><\/div>\n\t\t\t<\/li><li class=\"wc-block-grid__product\">\n\t\t\t\t<a href=\"https:\/\/fotoenopapel.com.br\/?product=calendario\" class=\"wc-block-grid__product-link\">\n\t\t\t\t\t\n\t\t\t\t\t<div class=\"wc-block-grid__product-image\"><img decoding=\"async\" width=\"300\" height=\"300\" src=\"https:\/\/fotoenopapel.com.br\/wp-content\/uploads\/2026\/04\/calendario-1-300x300.png\" class=\"attachment-woocommerce_thumbnail size-woocommerce_thumbnail\" alt=\"Calend\u00e1rio\" srcset=\"https:\/\/fotoenopapel.com.br\/wp-content\/uploads\/2026\/04\/calendario-1-300x300.png 300w, https:\/\/fotoenopapel.com.br\/wp-content\/uploads\/2026\/04\/calendario-1-1024x1024.png 1024w, https:\/\/fotoenopapel.com.br\/wp-content\/uploads\/2026\/04\/calendario-1-150x150.png 150w, https:\/\/fotoenopapel.com.br\/wp-content\/uploads\/2026\/04\/calendario-1-768x768.png 768w, https:\/\/fotoenopapel.com.br\/wp-content\/uploads\/2026\/04\/calendario-1-600x600.png 600w, https:\/\/fotoenopapel.com.br\/wp-content\/uploads\/2026\/04\/calendario-1-100x100.png 100w, https:\/\/fotoenopapel.com.br\/wp-content\/uploads\/2026\/04\/calendario-1.png 1080w\" sizes=\"(max-width: 300px) 100vw, 300px\" \/><\/div>\n\t\t\t\t\t<div class=\"wc-block-grid__product-title\">Calend\u00e1rio<\/div>\n\t\t\t\t<\/a>\n\t\t\t\t<div class=\"wc-block-grid__product-price price\"><span class=\"woocommerce-Price-amount amount\" aria-hidden=\"true\"><span class=\"woocommerce-Price-currencySymbol\">&#082;&#036;<\/span>&nbsp;10,00<\/span> <span aria-hidden=\"true\">&ndash;<\/span> <span class=\"woocommerce-Price-amount amount\" aria-hidden=\"true\"><span class=\"woocommerce-Price-currencySymbol\">&#082;&#036;<\/span>&nbsp;15,00<\/span><span class=\"screen-reader-text\">Price range: &#082;&#036;&nbsp;10,00 through &#082;&#036;&nbsp;15,00<\/span><\/div>\n\t\t\t\t\n\t\t\t\t<div class=\"wp-block-button wc-block-grid__product-add-to-cart\"><a href=\"https:\/\/fotoenopapel.com.br\/?product=calendario\" aria-label=\"Selecione as op\u00e7\u00f5es para &ldquo;Calend\u00e1rio&rdquo;\" data-quantity=\"1\" data-product_id=\"111\" data-product_sku=\"104\" data-price=\"10\" rel=\"nofollow\" class=\"wp-block-button__link  add_to_cart_button\">Ver op\u00e7\u00f5es<\/a><\/div>\n\t\t\t<\/li><li class=\"wc-block-grid__product\">\n\t\t\t\t<a href=\"https:\/\/fotoenopapel.com.br\/?product=canecas\" class=\"wc-block-grid__product-link\">\n\t\t\t\t\t\n\t\t\t\t\t<div class=\"wc-block-grid__product-image\"><img loading=\"lazy\" decoding=\"async\" width=\"300\" height=\"300\" src=\"https:\/\/fotoenopapel.com.br\/wp-content\/uploads\/2026\/04\/CANECA-300x300.png\" class=\"attachment-woocommerce_thumbnail size-woocommerce_thumbnail\" alt=\"Caneca\" srcset=\"https:\/\/fotoenopapel.com.br\/wp-content\/uploads\/2026\/04\/CANECA-300x300.png 300w, https:\/\/fotoenopapel.com.br\/wp-content\/uploads\/2026\/04\/CANECA-1024x1024.png 1024w, https:\/\/fotoenopapel.com.br\/wp-content\/uploads\/2026\/04\/CANECA-150x150.png 150w, https:\/\/fotoenopapel.com.br\/wp-content\/uploads\/2026\/04\/CANECA-768x768.png 768w, https:\/\/fotoenopapel.com.br\/wp-content\/uploads\/2026\/04\/CANECA-600x600.png 600w, https:\/\/fotoenopapel.com.br\/wp-content\/uploads\/2026\/04\/CANECA-100x100.png 100w, https:\/\/fotoenopapel.com.br\/wp-content\/uploads\/2026\/04\/CANECA.png 1080w\" sizes=\"(max-width: 300px) 100vw, 300px\" \/><\/div>\n\t\t\t\t\t<div class=\"wc-block-grid__product-title\">Caneca<\/div>\n\t\t\t\t<\/a>\n\t\t\t\t<div class=\"wc-block-grid__product-price price\"><span class=\"woocommerce-Price-amount amount\" aria-hidden=\"true\"><span class=\"woocommerce-Price-currencySymbol\">&#082;&#036;<\/span>&nbsp;44,00<\/span> <span aria-hidden=\"true\">&ndash;<\/span> <span class=\"woocommerce-Price-amount amount\" aria-hidden=\"true\"><span class=\"woocommerce-Price-currencySymbol\">&#082;&#036;<\/span>&nbsp;54,00<\/span><span class=\"screen-reader-text\">Price range: &#082;&#036;&nbsp;44,00 through &#082;&#036;&nbsp;54,00<\/span><\/div>\n\t\t\t\t\n\t\t\t\t<div class=\"wp-block-button wc-block-grid__product-add-to-cart\"><a href=\"https:\/\/fotoenopapel.com.br\/?product=canecas\" aria-label=\"Selecione as op\u00e7\u00f5es para &ldquo;Caneca&rdquo;\" data-quantity=\"1\" data-product_id=\"105\" data-product_sku=\"103\" data-price=\"44\" rel=\"nofollow\" class=\"wp-block-button__link  add_to_cart_button\">Ver op\u00e7\u00f5es<\/a><\/div>\n\t\t\t<\/li><\/ul><\/div><\/div>\n<\/div>\n","protected":false},"excerpt":{"rendered":"","protected":false},"author":1,"featured_media":0,"parent":0,"menu_order":0,"comment_status":"closed","ping_status":"closed","template":"","meta":{"footnotes":""},"class_list":["post-22","page","type-page","status-publish","hentry"],"_links":{"self":[{"href":"https:\/\/fotoenopapel.com.br\/index.php?rest_route=\/wp\/v2\/pages\/22","targetHints":{"allow":["GET"]}}],"collection":[{"href":"https:\/\/fotoenopapel.com.br\/index.php?rest_route=\/wp\/v2\/pages"}],"about":[{"href":"https:\/\/fotoenopapel.com.br\/index.php?rest_route=\/wp\/v2\/types\/page"}],"author":[{"embeddable":true,"href":"https:\/\/fotoenopapel.com.br\/index.php?rest_route=\/wp\/v2\/users\/1"}],"replies":[{"embeddable":true,"href":"https:\/\/fotoenopapel.com.br\/index.php?rest_route=%2Fwp%2Fv2%2Fcomments&post=22"}],"version-history":[{"count":1,"href":"https:\/\/fotoenopapel.com.br\/index.php?rest_route=\/wp\/v2\/pages\/22\/revisions"}],"predecessor-version":[{"id":215,"href":"https:\/\/fotoenopapel.com.br\/index.php?rest_route=\/wp\/v2\/pages\/22\/revisions\/215"}],"wp:attachment":[{"href":"https:\/\/fotoenopapel.com.br\/index.php?rest_route=%2Fwp%2Fv2%2Fmedia&parent=22"}],"curies":[{"name":"wp","href":"https:\/\/api.w.org\/{rel}","templated":true}]}}